{"id":115,"date":"2011-02-27T15:14:56","date_gmt":"2011-02-27T14:14:56","guid":{"rendered":"http:\/\/www.skiclub-haltern.de\/?page_id=115"},"modified":"2011-04-01T14:55:45","modified_gmt":"2011-04-01T12:55:45","slug":"testgalerie","status":"publish","type":"page","link":"https:\/\/skiclub-haltern.de\/?page_id=115","title":{"rendered":"Fotoalbum"},"content":{"rendered":"<p>F\u00fcr alle Fotos und Galerien des Skiclubs Haltern gilt: Wir verwenden nur Fotos, die wir selbst gemacht haben. Falls Personen abgebildet sind, haben diese ihr Einverst\u00e4ndnis zur Ver\u00f6ffentlichung auf der Webseite gegeben. Die abgebildeten Personen k\u00f6nnen sich jederzeit bei jedem Vorstandsmitglied melden, wenn diese Genehmigung f\u00fcr einzelne oder alle Bilder widerrufen wird, die betr. Bilder werden dann unverz\u00fcglich von der Webseite entfernt.<\/p>\n<p><a href=\"http:\/\/www.skiclub-haltern.de\/wp-content\/uploads\/2011\/02\/NOTRE-MEILLEUR-SKIEUR.mpg\"><\/a><\/p>\n","protected":false},"excerpt":{"rendered":"<p>F\u00fcr alle Fotos und Galerien des Skiclubs Haltern gilt: Wir verwenden nur Fotos, die wir selbst gemacht haben. Falls Personen abgebildet sind, haben diese ihr Einverst\u00e4ndnis zur Ver\u00f6ffentlichung auf der Webseite gegeben. Die abgebildeten Personen k\u00f6nnen sich jederzeit bei jedem &hellip; <a href=\"https:\/\/skiclub-haltern.de\/?page_id=115\">Weiterlesen <span class=\"meta-nav\">&rarr;<\/span><\/a><\/p>\n","protected":false},"author":1,"featured_media":0,"parent":0,"menu_order":0,"comment_status":"open","ping_status":"open","template":"","meta":{"ngg_post_thumbnail":0,"footnotes":""},"_links":{"self":[{"href":"https:\/\/skiclub-haltern.de\/index.php?rest_route=\/wp\/v2\/pages\/115"}],"collection":[{"href":"https:\/\/skiclub-haltern.de\/index.php?rest_route=\/wp\/v2\/pages"}],"about":[{"href":"https:\/\/skiclub-haltern.de\/index.php?rest_route=\/wp\/v2\/types\/page"}],"author":[{"embeddable":true,"href":"https:\/\/skiclub-haltern.de\/index.php?rest_route=\/wp\/v2\/users\/1"}],"replies":[{"embeddable":true,"href":"https:\/\/skiclub-haltern.de\/index.php?rest_route=%2Fwp%2Fv2%2Fcomments&post=115"}],"version-history":[{"count":24,"href":"https:\/\/skiclub-haltern.de\/index.php?rest_route=\/wp\/v2\/pages\/115\/revisions"}],"predecessor-version":[{"id":353,"href":"https:\/\/skiclub-haltern.de\/index.php?rest_route=\/wp\/v2\/pages\/115\/revisions\/353"}],"wp:attachment":[{"href":"https:\/\/skiclub-haltern.de\/index.php?rest_route=%2Fwp%2Fv2%2Fmedia&parent=115"}],"curies":[{"name":"wp","href":"https:\/\/api.w.org\/{rel}","templated":true}]}}