{"id":1517,"date":"2017-01-17T00:28:54","date_gmt":"2017-01-16T23:28:54","guid":{"rendered":"http:\/\/www.skiclub-haltern.de\/?page_id=1517"},"modified":"2017-01-17T00:28:54","modified_gmt":"2017-01-16T23:28:54","slug":"fahrradtour-2016","status":"publish","type":"page","link":"https:\/\/skiclub-haltern.de\/?page_id=1517","title":{"rendered":"Fahrradtour 2016"},"content":{"rendered":"<div id=\"attachment_1375\" style=\"width: 310px\" class=\"wp-caption aligncenter\"><a href=\"http:\/\/www.skiclub-haltern.de\/wp-content\/uploads\/2016\/11\/image001.jpg\"><img loading=\"lazy\" decoding=\"async\" aria-describedby=\"caption-attachment-1375\" class=\"size-medium wp-image-1375\" src=\"http:\/\/www.skiclub-haltern.de\/wp-content\/uploads\/2016\/11\/image001-300x214.jpg\" alt=\"\" width=\"300\" height=\"214\" srcset=\"https:\/\/skiclub-haltern.de\/wp-content\/uploads\/2016\/11\/image001-300x214.jpg 300w, https:\/\/skiclub-haltern.de\/wp-content\/uploads\/2016\/11\/image001-768x548.jpg 768w, https:\/\/skiclub-haltern.de\/wp-content\/uploads\/2016\/11\/image001.jpg 800w\" sizes=\"(max-width: 300px) 100vw, 300px\" \/><\/a><p id=\"caption-attachment-1375\" class=\"wp-caption-text\">Vor dem Schloss Nordkirchen<\/p><\/div>\n<p>Die diesj\u00e4hrige Fahrradtour des Skiclubs Haltern fand an dem Wochenende vom 10.09. \u2013 11.09.2016 statt. Brigitte und Hermann Lambernd hatten wieder wundersch\u00f6ne Fahrradstrecken f\u00fcr uns herausgesucht. Das Wetter zeigte sich an diesem Wochenende ebenfalls von seiner besten Seite. Bereits nach einer Stunde Fahrt \u00fcberraschten uns Uschi und Franz in den Steverauen in Olfen mit einem fantastischen Fr\u00fchst\u00fcck. Danach fuhren wir zum Schloss Nordkirchen weiter. Wir wurden dort von einer im Stil des 17. Jahrhunderts gekleidete Dame empfangen. Sie zeigte uns das Schloss und erl\u00e4uterte uns mit\u00a0faszinierenden Geschichten das Leben im damaligen Mittelalter. Am Nachmittag machten wir an einem Bauernhof Rast. Hier standen Kuchen, Eis und Getr\u00e4nke f\u00fcr uns bereit. \u00dcbernachtet haben wir dann in einem Hotel in Ascheberg.<\/p>\n<p>Am n\u00e4chsten Morgen ging es nach einem reichhaltigen Fr\u00fchst\u00fcck bereits wieder fr\u00fch in Richtung L\u00fcdinghausen los. An der Burg Vischering machten wir unsere erste Station. Im Innenhof gab es eine interessante Hofb\u00e4ckerei, die besonders leckeres Brot mit Fr\u00fcchten und N\u00fcssen herstellte. Zwischenrast machten wir im Caf\u00e9 Indigo in L\u00fcdinghausen. Im Caf\u00e9 gab es auch Produkte aus der eigenen Blauf\u00e4rberei zu kaufen. Zum Abschluss der Fahrradtour hielten wir im Haus Waldfrieden\u00a0in Merfeld f\u00fcr eine letzte St\u00e4rkung an. Danach ging es gutgelaunt zur\u00fcck nach Haltern. Alle Teilnehmer waren rundum zufrieden mit dem sch\u00f6nen Fahrradwochenende.<\/p>\n<p>Wer 2017 mitfahren m\u00f6chte, kann sich bereits bei<br \/>\nBrigitte Lambernd, Tel. 02364\/5340 melden.<\/p>\n","protected":false},"excerpt":{"rendered":"<p>Die diesj\u00e4hrige Fahrradtour des Skiclubs Haltern fand an dem Wochenende vom 10.09. \u2013 11.09.2016 statt. Brigitte und Hermann Lambernd hatten wieder wundersch\u00f6ne Fahrradstrecken f\u00fcr uns herausgesucht. Das Wetter zeigte sich an diesem Wochenende ebenfalls von seiner besten Seite. Bereits nach &hellip; <a href=\"https:\/\/skiclub-haltern.de\/?page_id=1517\">Weiterlesen <span class=\"meta-nav\">&rarr;<\/span><\/a><\/p>\n","protected":false},"author":13,"featured_media":0,"parent":30,"menu_order":899,"comment_status":"closed","ping_status":"closed","template":"","meta":{"ngg_post_thumbnail":0,"footnotes":""},"_links":{"self":[{"href":"https:\/\/skiclub-haltern.de\/index.php?rest_route=\/wp\/v2\/pages\/1517"}],"collection":[{"href":"https:\/\/skiclub-haltern.de\/index.php?rest_route=\/wp\/v2\/pages"}],"about":[{"href":"https:\/\/skiclub-haltern.de\/index.php?rest_route=\/wp\/v2\/types\/page"}],"author":[{"embeddable":true,"href":"https:\/\/skiclub-haltern.de\/index.php?rest_route=\/wp\/v2\/users\/13"}],"replies":[{"embeddable":true,"href":"https:\/\/skiclub-haltern.de\/index.php?rest_route=%2Fwp%2Fv2%2Fcomments&post=1517"}],"version-history":[{"count":1,"href":"https:\/\/skiclub-haltern.de\/index.php?rest_route=\/wp\/v2\/pages\/1517\/revisions"}],"predecessor-version":[{"id":1519,"href":"https:\/\/skiclub-haltern.de\/index.php?rest_route=\/wp\/v2\/pages\/1517\/revisions\/1519"}],"up":[{"embeddable":true,"href":"https:\/\/skiclub-haltern.de\/index.php?rest_route=\/wp\/v2\/pages\/30"}],"wp:attachment":[{"href":"https:\/\/skiclub-haltern.de\/index.php?rest_route=%2Fwp%2Fv2%2Fmedia&parent=1517"}],"curies":[{"name":"wp","href":"https:\/\/api.w.org\/{rel}","templated":true}]}}