{"id":1580,"date":"2017-04-05T23:01:17","date_gmt":"2017-04-05T21:01:17","guid":{"rendered":"http:\/\/www.skiclub-haltern.de\/?page_id=1580"},"modified":"2017-04-05T23:02:25","modified_gmt":"2017-04-05T21:02:25","slug":"skiurlaub-der-superlative","status":"publish","type":"page","link":"https:\/\/skiclub-haltern.de\/?page_id=1580","title":{"rendered":"Skiurlaub der Superlative"},"content":{"rendered":"<h3><strong>Ski-Club genoss die franz\u00f6sische Alpenwelt in vollen Z\u00fcgen<br \/>\n<\/strong><\/h3>\n<p><strong>Bei herrlichem Wetter verbrachten Anfang M\u00e4rz 2017 elf Ski- und ein Snowboardfahrer des Ski-Clubs Haltern einen sehr sportlichen Skiurlaub in Trois Vall\u00e9es, Frankreich.<\/strong><\/p>\n<div id=\"attachment_1583\" style=\"width: 310px\" class=\"wp-caption alignleft\"><a href=\"http:\/\/www.skiclub-haltern.de\/wp-content\/uploads\/2017\/04\/334-Trois-Vallees-2017-2-1.jpg\"><img loading=\"lazy\" decoding=\"async\" aria-describedby=\"caption-attachment-1583\" class=\"wp-image-1583 size-medium\" src=\"http:\/\/www.skiclub-haltern.de\/wp-content\/uploads\/2017\/04\/334-Trois-Vallees-2017-2-1-300x214.jpg\" alt=\"\" width=\"300\" height=\"214\" srcset=\"https:\/\/skiclub-haltern.de\/wp-content\/uploads\/2017\/04\/334-Trois-Vallees-2017-2-1-300x214.jpg 300w, https:\/\/skiclub-haltern.de\/wp-content\/uploads\/2017\/04\/334-Trois-Vallees-2017-2-1-768x548.jpg 768w, https:\/\/skiclub-haltern.de\/wp-content\/uploads\/2017\/04\/334-Trois-Vallees-2017-2-1.jpg 800w\" sizes=\"(max-width: 300px) 100vw, 300px\" \/><\/a><p id=\"caption-attachment-1583\" class=\"wp-caption-text\">Vor der Abfahrt vom Mont Vallon (2952 m) ins Tal nach Meribel machten die Skisportler des Ski-Clubs Haltern noch dieses Foto vor dem m\u00e4chtigen Mont Blanc-Massiv.<\/p><\/div>\n<p>Das Skigebiet Trois Vall\u00e9es\u00a0 (Drei T\u00e4ler) ist mit \u00fcber 600 Pistenkilometern das gr\u00f6\u00dfte zusammenh\u00e4ngende Skigebiet der Welt \u2013 ein unvergleichliches Erlebnis und weitaus mehr als die Skigruppe abfahren konnte. Aufgrund seiner hohen Lage liegt die meiste Zeit des Winters herrlicher Pulverschnee auf den Pisten. \u00a0In nur 150 m Entfernung zum Sessellift befand sich die Unterkunft der Gruppe im kleinen \u00d6rtchen Le Betaix.<\/p>\n<p>Das Wetter war erstklassig, so dass sieben Tage grenzenloses Skifahren angesagt war, vor allen Dingen, weil es einen halben Meter Neuschnee und reichlich Sonnenschein gab. Jeweils in Tagestouren wurden die T\u00e4ler von Val Thorens, Meribel und Courchevel erkundet. Dank der guten Vorbereitung durch regelm\u00e4\u00dfiges Training beim Ski-Club waren alle Teilnehmer \u201ebergfit\u201c und hatten unbeschwerten Pistenspa\u00df.<\/p>\n<p>&nbsp;<\/p>\n<p>&nbsp;<\/p>\n","protected":false},"excerpt":{"rendered":"<p>Ski-Club genoss die franz\u00f6sische Alpenwelt in vollen Z\u00fcgen Bei herrlichem Wetter verbrachten Anfang M\u00e4rz 2017 elf Ski- und ein Snowboardfahrer des Ski-Clubs Haltern einen sehr sportlichen Skiurlaub in Trois Vall\u00e9es, Frankreich. Das Skigebiet Trois Vall\u00e9es\u00a0 (Drei T\u00e4ler) ist mit \u00fcber &hellip; <a href=\"https:\/\/skiclub-haltern.de\/?page_id=1580\">Weiterlesen <span class=\"meta-nav\">&rarr;<\/span><\/a><\/p>\n","protected":false},"author":13,"featured_media":0,"parent":30,"menu_order":897,"comment_status":"closed","ping_status":"closed","template":"","meta":{"ngg_post_thumbnail":0,"footnotes":""},"_links":{"self":[{"href":"https:\/\/skiclub-haltern.de\/index.php?rest_route=\/wp\/v2\/pages\/1580"}],"collection":[{"href":"https:\/\/skiclub-haltern.de\/index.php?rest_route=\/wp\/v2\/pages"}],"about":[{"href":"https:\/\/skiclub-haltern.de\/index.php?rest_route=\/wp\/v2\/types\/page"}],"author":[{"embeddable":true,"href":"https:\/\/skiclub-haltern.de\/index.php?rest_route=\/wp\/v2\/users\/13"}],"replies":[{"embeddable":true,"href":"https:\/\/skiclub-haltern.de\/index.php?rest_route=%2Fwp%2Fv2%2Fcomments&post=1580"}],"version-history":[{"count":4,"href":"https:\/\/skiclub-haltern.de\/index.php?rest_route=\/wp\/v2\/pages\/1580\/revisions"}],"predecessor-version":[{"id":2115,"href":"https:\/\/skiclub-haltern.de\/index.php?rest_route=\/wp\/v2\/pages\/1580\/revisions\/2115"}],"up":[{"embeddable":true,"href":"https:\/\/skiclub-haltern.de\/index.php?rest_route=\/wp\/v2\/pages\/30"}],"wp:attachment":[{"href":"https:\/\/skiclub-haltern.de\/index.php?rest_route=%2Fwp%2Fv2%2Fmedia&parent=1580"}],"curies":[{"name":"wp","href":"https:\/\/api.w.org\/{rel}","templated":true}]}}