{"id":1657,"date":"2017-09-20T19:46:24","date_gmt":"2017-09-20T17:46:24","guid":{"rendered":"http:\/\/www.skiclub-haltern.de\/?page_id=1657"},"modified":"2017-09-21T11:13:59","modified_gmt":"2017-09-21T09:13:59","slug":"fahrradtour-zum-centro-nach-oberhausen","status":"publish","type":"page","link":"https:\/\/skiclub-haltern.de\/?page_id=1657","title":{"rendered":"Fahrradtour zum Centro nach Oberhausen"},"content":{"rendered":"<p>Wie in den vergangenen mehr als 30 Jahren starteten die Mitglieder des Ski-Clubs Haltern zu einer zweit\u00e4gigen Fahrradtour ins Blaue. Leider war der Gruppe um Hermann und Brigitte Lambernd zu Anfang der Wettergott nicht gut gesinnt. Es regnete in Str\u00f6men. Die Teilnehmer lie\u00dfen sich jedoch nicht abhalten, trotz der schlechten Wetterprognose zu fahren. Nach gut einer Stunde gab es am Storchennest im Hervester Bruch die erste Belohnung in Form eines reichhaltigen Fr\u00fchst\u00fccks.<br \/>\nIm Anschluss wurde es angenehmer, denn der Regen verzog sich und es kam die Sonne gelegentlich zum Vorschein. Die Tour f\u00fchrte dann \u00fcber Dorsten zum Clubhaus des Golfclubs Schwarze Heide Bottrop-Kirchhellen. Nach einem erholsamen Zwischenstopp ging es dann durch die wundersch\u00f6ne Kirchheller Heide, am Heidesee vorbei, Richtung Bottrop. Die Strecke ging mitten durchs Ruhrgebiet und f\u00fchrte doch ausschlie\u00dflich durch gr\u00fcne Landschaften, die allen Teilnehmern v\u00f6llig unbekannt waren. Das Ziel, die Neue Mitte Oberhausen war dann relativ schnell erreicht. Einige besuchten anschlie\u00dfend die Ausstellung \u201eWunder der Natur\u201c im Gasometer Oberhausen. Diejenigen, die die Ausstellung schon gesehen hatten vergn\u00fcgten sich im Centro mit Happy-Hour-Cocktails. Die Folgen waren entsprechend, denn das Bezahlen der Getr\u00e4nke war anschlie\u00dfend \u00fcberaus verwirrt und lustig.<\/p>\n<div id=\"attachment_1638\" style=\"width: 650px\" class=\"wp-caption alignleft\"><a href=\"http:\/\/www.skiclub-haltern.de\/wp-content\/uploads\/2017\/09\/2017-Fahrradtour.jpg\"><img loading=\"lazy\" decoding=\"async\" aria-describedby=\"caption-attachment-1638\" class=\"size-large wp-image-1638\" src=\"http:\/\/www.skiclub-haltern.de\/wp-content\/uploads\/2017\/09\/2017-Fahrradtour-1024x600.jpg\" alt=\"\" width=\"640\" height=\"375\" srcset=\"https:\/\/skiclub-haltern.de\/wp-content\/uploads\/2017\/09\/2017-Fahrradtour.jpg 1024w, https:\/\/skiclub-haltern.de\/wp-content\/uploads\/2017\/09\/2017-Fahrradtour-300x176.jpg 300w, https:\/\/skiclub-haltern.de\/wp-content\/uploads\/2017\/09\/2017-Fahrradtour-768x450.jpg 768w\" sizes=\"(max-width: 640px) 100vw, 640px\" \/><\/a><p id=\"caption-attachment-1638\" class=\"wp-caption-text\">Gut gelaunt bew\u00e4ltigten die 19 Teilnehmer der zweit\u00e4gigen Fahrradtour des Ski-Clubs Haltern die 110 Kilometer zum Centro nach Oberhausen und zur\u00fcck.<\/p><\/div>\n<p>Bei Sonnenschein ging es am Sonntag wieder auf den Heimweg. Die Strecke f\u00fchrte durch die Naturschutzgebiete Hiesfelder Wald und Torfvenn nach Dorsten und von dort am Wesel-Dattel-Kanal vorbei nach Lippramsdorf. Dort kehrte man im Hofcaf\u00e9 Belustedde ein. Nach der Besichtigung der Marienkapelle auf dem Hof ging es anschlie\u00dfend entspannt zur\u00fcck nach Hause. Alles in allem war es eine sch\u00f6ne, abwechslungsreiche Tour von insgesamt 110 Kilometern, die alle 19 Teilnehmer mit Bravur bew\u00e4ltigten.<\/p>\n","protected":false},"excerpt":{"rendered":"<p>Wie in den vergangenen mehr als 30 Jahren starteten die Mitglieder des Ski-Clubs Haltern zu einer zweit\u00e4gigen Fahrradtour ins Blaue. Leider war der Gruppe um Hermann und Brigitte Lambernd zu Anfang der Wettergott nicht gut gesinnt. Es regnete in Str\u00f6men. &hellip; <a href=\"https:\/\/skiclub-haltern.de\/?page_id=1657\">Weiterlesen <span class=\"meta-nav\">&rarr;<\/span><\/a><\/p>\n","protected":false},"author":13,"featured_media":0,"parent":30,"menu_order":895,"comment_status":"closed","ping_status":"closed","template":"","meta":{"ngg_post_thumbnail":0,"footnotes":""},"_links":{"self":[{"href":"https:\/\/skiclub-haltern.de\/index.php?rest_route=\/wp\/v2\/pages\/1657"}],"collection":[{"href":"https:\/\/skiclub-haltern.de\/index.php?rest_route=\/wp\/v2\/pages"}],"about":[{"href":"https:\/\/skiclub-haltern.de\/index.php?rest_route=\/wp\/v2\/types\/page"}],"author":[{"embeddable":true,"href":"https:\/\/skiclub-haltern.de\/index.php?rest_route=\/wp\/v2\/users\/13"}],"replies":[{"embeddable":true,"href":"https:\/\/skiclub-haltern.de\/index.php?rest_route=%2Fwp%2Fv2%2Fcomments&post=1657"}],"version-history":[{"count":2,"href":"https:\/\/skiclub-haltern.de\/index.php?rest_route=\/wp\/v2\/pages\/1657\/revisions"}],"predecessor-version":[{"id":1669,"href":"https:\/\/skiclub-haltern.de\/index.php?rest_route=\/wp\/v2\/pages\/1657\/revisions\/1669"}],"up":[{"embeddable":true,"href":"https:\/\/skiclub-haltern.de\/index.php?rest_route=\/wp\/v2\/pages\/30"}],"wp:attachment":[{"href":"https:\/\/skiclub-haltern.de\/index.php?rest_route=%2Fwp%2Fv2%2Fmedia&parent=1657"}],"curies":[{"name":"wp","href":"https:\/\/api.w.org\/{rel}","templated":true}]}}