{"id":1724,"date":"2018-03-06T11:14:38","date_gmt":"2018-03-06T10:14:38","guid":{"rendered":"http:\/\/www.skiclub-haltern.de\/?page_id=1724"},"modified":"2018-03-06T11:14:38","modified_gmt":"2018-03-06T10:14:38","slug":"ein-aussergewoehnlicher-ski-skiurlaub-in-den-dolomiten","status":"publish","type":"page","link":"https:\/\/skiclub-haltern.de\/?page_id=1724","title":{"rendered":"Ein au\u00dfergew\u00f6hnlicher Ski-Skiurlaub in den Dolomiten"},"content":{"rendered":"<p><strong>Ski-Club Haltern tourt im Skigebiet der Superlative<\/strong><\/p>\n<p>In diesem Jahr fuhr der Ski-Club Haltern mit einer Gruppe aus 11 Skifahren und einem Snowboarder zum Skifahren in die Dolomiten nach S\u00fcdtirol, Italien. Die Unterkunft in Canazei-Alba im Fassatal lag mitten im Skigebiet Dolomiti Superski und war somit der ideale Ausgangspunkt f\u00fcr lange und abwechslungsreiche Skitouren.<\/p>\n<div id=\"attachment_1727\" style=\"width: 1034px\" class=\"wp-caption aligncenter\"><a href=\"http:\/\/www.skiclub-haltern.de\/wp-content\/uploads\/2018\/03\/1-Skigruppe-Dolomiten-2018-1.jpg\"><img loading=\"lazy\" decoding=\"async\" aria-describedby=\"caption-attachment-1727\" class=\"wp-image-1727 size-full\" src=\"http:\/\/www.skiclub-haltern.de\/wp-content\/uploads\/2018\/03\/1-Skigruppe-Dolomiten-2018-1.jpg\" alt=\"\" width=\"1024\" height=\"545\" srcset=\"https:\/\/skiclub-haltern.de\/wp-content\/uploads\/2018\/03\/1-Skigruppe-Dolomiten-2018-1.jpg 1024w, https:\/\/skiclub-haltern.de\/wp-content\/uploads\/2018\/03\/1-Skigruppe-Dolomiten-2018-1-300x160.jpg 300w, https:\/\/skiclub-haltern.de\/wp-content\/uploads\/2018\/03\/1-Skigruppe-Dolomiten-2018-1-768x409.jpg 768w\" sizes=\"(max-width: 1024px) 100vw, 1024px\" \/><\/a><p id=\"caption-attachment-1727\" class=\"wp-caption-text\">Die Ski-Club-Gruppe bereit zur Abfahrt zum Marmolada-Gletscher. Im Hintergrund die m\u00e4chtige Sellagruppe.<\/p><\/div>\n<p>Die majest\u00e4tischen Dolomiten, ein UNESCO Welterbe, bilden mit der Sellagruppe, dem Langkofel, dem Rosengarten und der Marmolada eine einzigartige Bergwelt mit traumhaft sch\u00f6nen und zusammenh\u00e4ngenden Skipisten. In den Wochen vor der Fahrt war reichlich Neuschnee gefallen und w\u00e4hrend des Aufenthaltes schien \u00fcberwiegend die Sonne, so dass die Teilnehmer beste Bedingungen vorfanden und jeden Tag eine andere Skitour in das weitverzweigte Skigebiet mit \u00fcber 1200 Pistenkilometern unternehmen konnten.<\/p>\n<div id=\"attachment_1728\" style=\"width: 310px\" class=\"wp-caption alignleft\"><a href=\"http:\/\/www.skiclub-haltern.de\/wp-content\/uploads\/2018\/03\/5-Lagazuoi-Panoramapiste.jpg\"><img loading=\"lazy\" decoding=\"async\" aria-describedby=\"caption-attachment-1728\" class=\"wp-image-1728 size-medium\" src=\"http:\/\/www.skiclub-haltern.de\/wp-content\/uploads\/2018\/03\/5-Lagazuoi-Panoramapiste-300x214.jpg\" alt=\"\" width=\"300\" height=\"214\" srcset=\"https:\/\/skiclub-haltern.de\/wp-content\/uploads\/2018\/03\/5-Lagazuoi-Panoramapiste-300x214.jpg 300w, https:\/\/skiclub-haltern.de\/wp-content\/uploads\/2018\/03\/5-Lagazuoi-Panoramapiste-768x548.jpg 768w, https:\/\/skiclub-haltern.de\/wp-content\/uploads\/2018\/03\/5-Lagazuoi-Panoramapiste.jpg 1024w\" sizes=\"(max-width: 300px) 100vw, 300px\" \/><\/a><p id=\"caption-attachment-1728\" class=\"wp-caption-text\">Panoramaabfahrt vom Bergmassiv Lagazoui.<\/p><\/div>\n<p>Eine der sch\u00f6nsten und spektakul\u00e4rsten Touren war die Tour zum Lagazuoi. Auf der vergleichsweise langen Hin-Tour durch das Skigebiet Alta Badia mussten die letzten 10 km von Armentarola zum Falzarego-Pass mit einem Shuttlebus zur\u00fcckgelegt werden. Mit einer freih\u00e4ngenden Gondel ging es dann auf den 650 m h\u00f6heren Lagazuoi.\u00a0 Vom Gipfel hatte man eine beeindruckende Aussicht auf die Dolomiten. Die nun folgende 8,5 km lange Panoramaabfahrt, eine der imposantesten Abfahrten der Alpen, entsch\u00e4digte f\u00fcr die M\u00fchen der Anreise.<\/p>\n<p>Herrlicher Schnee, riesige, gefrorene Wasserf\u00e4lle, groteske Felsformationen und tolle Aussichten machten diese Abfahrt zu einem besonderen Erlebnis.<\/p>\n<div id=\"attachment_1729\" style=\"width: 310px\" class=\"wp-caption alignright\"><a href=\"http:\/\/www.skiclub-haltern.de\/wp-content\/uploads\/2018\/03\/7-Pferdschlitten-Transport.jpg\"><img loading=\"lazy\" decoding=\"async\" aria-describedby=\"caption-attachment-1729\" class=\"wp-image-1729 size-medium\" src=\"http:\/\/www.skiclub-haltern.de\/wp-content\/uploads\/2018\/03\/7-Pferdschlitten-Transport-300x214.jpg\" alt=\"\" width=\"300\" height=\"214\" srcset=\"https:\/\/skiclub-haltern.de\/wp-content\/uploads\/2018\/03\/7-Pferdschlitten-Transport-300x214.jpg 300w, https:\/\/skiclub-haltern.de\/wp-content\/uploads\/2018\/03\/7-Pferdschlitten-Transport-768x549.jpg 768w, https:\/\/skiclub-haltern.de\/wp-content\/uploads\/2018\/03\/7-Pferdschlitten-Transport.jpg 1024w\" sizes=\"(max-width: 300px) 100vw, 300px\" \/><\/a><p id=\"caption-attachment-1729\" class=\"wp-caption-text\">R\u00fccktransport der Skifahrer mit dem Pferdeschlitten nach Armentarola.<\/p><\/div>\n<p>Unten angekommen ging es dann mit Pferdeschlitten, die einen Tross von Skifahrern mit Seilen hinter sich herzogen, zum n\u00e4chsten Skilift, von dem man gem\u00fctlich zur Unterkunft zur\u00fcck schaukelte<\/p>\n<p>Alles in Allem war es eine sportliche und sch\u00f6ne Woche, die viel zu schnell vergangen ist. Alle Teilnehmer m\u00f6chten im n\u00e4chsten Jahr wieder mitfahren und versprachen, sich beim Ski-Club-Training fit f\u00fcr die n\u00e4chste Herausforderung zu halten.<\/p>\n<p>&nbsp;<\/p>\n","protected":false},"excerpt":{"rendered":"<p>Ski-Club Haltern tourt im Skigebiet der Superlative In diesem Jahr fuhr der Ski-Club Haltern mit einer Gruppe aus 11 Skifahren und einem Snowboarder zum Skifahren in die Dolomiten nach S\u00fcdtirol, Italien. Die Unterkunft in Canazei-Alba im Fassatal lag mitten im &hellip; <a href=\"https:\/\/skiclub-haltern.de\/?page_id=1724\">Weiterlesen <span class=\"meta-nav\">&rarr;<\/span><\/a><\/p>\n","protected":false},"author":13,"featured_media":0,"parent":30,"menu_order":894,"comment_status":"closed","ping_status":"closed","template":"","meta":{"ngg_post_thumbnail":0,"footnotes":""},"_links":{"self":[{"href":"https:\/\/skiclub-haltern.de\/index.php?rest_route=\/wp\/v2\/pages\/1724"}],"collection":[{"href":"https:\/\/skiclub-haltern.de\/index.php?rest_route=\/wp\/v2\/pages"}],"about":[{"href":"https:\/\/skiclub-haltern.de\/index.php?rest_route=\/wp\/v2\/types\/page"}],"author":[{"embeddable":true,"href":"https:\/\/skiclub-haltern.de\/index.php?rest_route=\/wp\/v2\/users\/13"}],"replies":[{"embeddable":true,"href":"https:\/\/skiclub-haltern.de\/index.php?rest_route=%2Fwp%2Fv2%2Fcomments&post=1724"}],"version-history":[{"count":3,"href":"https:\/\/skiclub-haltern.de\/index.php?rest_route=\/wp\/v2\/pages\/1724\/revisions"}],"predecessor-version":[{"id":1730,"href":"https:\/\/skiclub-haltern.de\/index.php?rest_route=\/wp\/v2\/pages\/1724\/revisions\/1730"}],"up":[{"embeddable":true,"href":"https:\/\/skiclub-haltern.de\/index.php?rest_route=\/wp\/v2\/pages\/30"}],"wp:attachment":[{"href":"https:\/\/skiclub-haltern.de\/index.php?rest_route=%2Fwp%2Fv2%2Fmedia&parent=1724"}],"curies":[{"name":"wp","href":"https:\/\/api.w.org\/{rel}","templated":true}]}}