{"id":2101,"date":"2020-11-28T00:22:51","date_gmt":"2020-11-27T23:22:51","guid":{"rendered":"https:\/\/skiclub-haltern.de\/?page_id=2101"},"modified":"2020-11-29T17:44:17","modified_gmt":"2020-11-29T16:44:17","slug":"skiclub-wanderung-ins-ahrtal","status":"publish","type":"page","link":"https:\/\/skiclub-haltern.de\/?page_id=2101","title":{"rendered":"Skiclub-Wanderung ins Ahrtal"},"content":{"rendered":"\n<p>Am Freitag, dem 28. August 2020 machten sich 10 Skiclubler\nauf, um ein Wein- und Wanderwochenende an der Ahr zu verbringen. Nach einem\ngemeinsamen Kaffee ging es von Altenahr \u00fcber den Rotweinwanderweg nach\nMayscho\u00df. Ein kurzer Abstecher f\u00fchrte uns zur Burg Ahre, mit wundervollem Blick\nauf das Ahrtal und Altenahr. <\/p>\n\n\n\n<p>In der Winzergenossenschaft erwartete uns Herr N\u00e4ckel, ein\nWinzerurgestein. Er lie\u00df keine Frage bez\u00fcglich des Weinanbaus und Verarbeitung\noffen, pr\u00e4sentierte uns 6 verschiedenen Ahrweine und einen Grappa. Zum Gl\u00fcck\ngab es da die Ahrbahn zur\u00fcck nach Altenahr zum Hotel! <\/p>\n\n\n<p><a href=\"https:\/\/skiclub-haltern.de\/wp-content\/uploads\/2020\/10\/IMG-20201020-WA0001.jpg\"><img loading=\"lazy\" decoding=\"async\" class=\"alignleft size-medium wp-image-2081\" src=\"https:\/\/skiclub-haltern.de\/wp-content\/uploads\/2020\/10\/IMG-20201020-WA0001-225x300.jpg\" alt=\"\" width=\"225\" height=\"300\" srcset=\"https:\/\/skiclub-haltern.de\/wp-content\/uploads\/2020\/10\/IMG-20201020-WA0001-225x300.jpg 225w, https:\/\/skiclub-haltern.de\/wp-content\/uploads\/2020\/10\/IMG-20201020-WA0001-768x1024.jpg 768w, https:\/\/skiclub-haltern.de\/wp-content\/uploads\/2020\/10\/IMG-20201020-WA0001.jpg 1200w\" sizes=\"(max-width: 225px) 100vw, 225px\" \/><\/a>Am n\u00e4chsten Morgen, nach einem ausgiebigen Fr\u00fchst\u00fcck, wanderten wir auf dem Ahrsteig Richtung Dernau. Die Etappe ist super abwechselungsreich, kurze Kletterpartien, Hochebenen, ausgiebige W\u00e4lder, wunderbare Ausblicke, Uferwege, kleine D\u00f6rfer- es wurde nicht langweilig. Insgesamt 18 Km und rund 800 H\u00f6henmeter hatten wir hinterher auf dem \u201eTacho\u201c.<\/p>\n<p>Aber die ganz gro\u00dfe \u00dcberraschung machte uns Rudi mit einem Picknick, das er an der Krausbergh\u00fctte vorbereitet hatte. Nach einer 5 st\u00fcndigen Wanderung bei sch\u00f6nstem Sonnenschein konnten wir gem\u00fctlich im Freien sitzend K\u00e4se, Mettenden, Brot, Wein und Wasser, Trauben und Tomaten verzehren. Zum Nachtisch gab es vom Aussichtsturm an der H\u00fctte einen herrlichen Rundumblick bis K\u00f6ln, Eifel, Siebengebirge. Noch 1 Stunde Abstieg und die Ahrbahn brachte uns zur\u00fcck nach Altenahr, wo wir abends wieder k\u00f6stlich bekocht wurden.<\/p>\n\n\n<p>Der Sonntag begr\u00fc\u00dfte uns wider Erwarten auch noch mit tollem\nWetter, sodass wir kurzentschlossen noch eine ausgedehnte Ahrschleife wanderten\nund uns am Nachmittag dann auf den Heimweg machten. Und wir sind uns einig,\ndass sowas wiederholt werden muss. Claudia und Eva basteln da bereits an der\nn\u00e4chsten Wanderaktion.<\/p>\n","protected":false},"excerpt":{"rendered":"<p>Am Freitag, dem 28. August 2020 machten sich 10 Skiclubler auf, um ein Wein- und Wanderwochenende an der Ahr zu verbringen. Nach einem gemeinsamen Kaffee ging es von Altenahr \u00fcber den Rotweinwanderweg nach Mayscho\u00df. Ein kurzer Abstecher f\u00fchrte uns zur &hellip; <a href=\"https:\/\/skiclub-haltern.de\/?page_id=2101\">Weiterlesen <span class=\"meta-nav\">&rarr;<\/span><\/a><\/p>\n","protected":false},"author":10,"featured_media":0,"parent":30,"menu_order":893,"comment_status":"closed","ping_status":"closed","template":"","meta":{"ngg_post_thumbnail":0,"footnotes":""},"_links":{"self":[{"href":"https:\/\/skiclub-haltern.de\/index.php?rest_route=\/wp\/v2\/pages\/2101"}],"collection":[{"href":"https:\/\/skiclub-haltern.de\/index.php?rest_route=\/wp\/v2\/pages"}],"about":[{"href":"https:\/\/skiclub-haltern.de\/index.php?rest_route=\/wp\/v2\/types\/page"}],"author":[{"embeddable":true,"href":"https:\/\/skiclub-haltern.de\/index.php?rest_route=\/wp\/v2\/users\/10"}],"replies":[{"embeddable":true,"href":"https:\/\/skiclub-haltern.de\/index.php?rest_route=%2Fwp%2Fv2%2Fcomments&post=2101"}],"version-history":[{"count":7,"href":"https:\/\/skiclub-haltern.de\/index.php?rest_route=\/wp\/v2\/pages\/2101\/revisions"}],"predecessor-version":[{"id":2154,"href":"https:\/\/skiclub-haltern.de\/index.php?rest_route=\/wp\/v2\/pages\/2101\/revisions\/2154"}],"up":[{"embeddable":true,"href":"https:\/\/skiclub-haltern.de\/index.php?rest_route=\/wp\/v2\/pages\/30"}],"wp:attachment":[{"href":"https:\/\/skiclub-haltern.de\/index.php?rest_route=%2Fwp%2Fv2%2Fmedia&parent=2101"}],"curies":[{"name":"wp","href":"https:\/\/api.w.org\/{rel}","templated":true}]}}