{"id":2145,"date":"2020-11-29T17:11:19","date_gmt":"2020-11-29T16:11:19","guid":{"rendered":"https:\/\/skiclub-haltern.de\/?page_id=2145"},"modified":"2022-02-18T16:43:09","modified_gmt":"2022-02-18T15:43:09","slug":"fahrradtour-ins-muensterland-2","status":"publish","type":"page","link":"https:\/\/skiclub-haltern.de\/?page_id=2145","title":{"rendered":"Fahrradtour ins M\u00fcnsterland"},"content":{"rendered":"\n<div class=\"wp-block-image\"><figure class=\"aligncenter is-resized\"><a href=\"https:\/\/skiclub-haltern.de\/wp-content\/uploads\/2020\/11\/20200913_113129.jpg\"><img loading=\"lazy\" decoding=\"async\" src=\"https:\/\/skiclub-haltern.de\/wp-content\/uploads\/2020\/11\/20200913_113129-1024x456.jpg\" alt=\"\" class=\"wp-image-2095\" width=\"512\" height=\"228\" srcset=\"https:\/\/skiclub-haltern.de\/wp-content\/uploads\/2020\/11\/20200913_113129-1024x456.jpg 1024w, https:\/\/skiclub-haltern.de\/wp-content\/uploads\/2020\/11\/20200913_113129-300x133.jpg 300w, https:\/\/skiclub-haltern.de\/wp-content\/uploads\/2020\/11\/20200913_113129-768x342.jpg 768w\" sizes=\"(max-width: 512px) 100vw, 512px\" \/><\/a><figcaption> <br>Foto-Stopp an der Bruder-Klaus-Kapelle in Havixbeck. Von diesen  Aussichtspunkt in den Baumbergen hat man einen  fantastischen Blic<strong>k<\/strong> \u00fcber die Westf\u00e4lische Bucht Richtung Altenberge und Laer <\/figcaption><\/figure><\/div>\n\n\n<p>Unter strenger Geheimhaltung \u00fcber das Ziel der Tour hatten Brigitte und Hermann Lambernd die zweit\u00e4gige Fahrradtour wieder hervorragend geplant. So wie es sich f\u00fcr einen richtigen Skiclub geh\u00f6rt, ging es in diesem Jahr in die Berge. Auch wenn die Berge im M\u00fcnsterland ein wenig flacher sind als im Alpenraum, so waren sie doch f\u00fcr einige Teilnehmer eine echte Herausforderung.<\/p>\n<p>Von der Erl\u00f6serkirche ging es zun\u00e4chst zum 2. Startpunkt, dem Sythener Schloss, wo Hermann die Gruppe herzlich willkommen hie\u00df und kurz \u00fcber den Ablauf der Tour und die besonderen Verhaltensregelungen (Corona-Pandemie) informierte.<\/p>\n<p><a href=\"https:\/\/skiclub-haltern.de\/wp-content\/uploads\/2020\/11\/Cafe-Blumenkr\u00e4nzchen-1.jpg\"><img loading=\"lazy\" decoding=\"async\" class=\"alignleft size-medium wp-image-2142\" src=\"https:\/\/skiclub-haltern.de\/wp-content\/uploads\/2020\/11\/Cafe-Blumenkr\u00e4nzchen-1-300x225.jpg\" alt=\"\" width=\"300\" height=\"225\" srcset=\"https:\/\/skiclub-haltern.de\/wp-content\/uploads\/2020\/11\/Cafe-Blumenkr\u00e4nzchen-1-300x225.jpg 300w, https:\/\/skiclub-haltern.de\/wp-content\/uploads\/2020\/11\/Cafe-Blumenkr\u00e4nzchen-1-768x576.jpg 768w, https:\/\/skiclub-haltern.de\/wp-content\/uploads\/2020\/11\/Cafe-Blumenkr\u00e4nzchen-1.jpg 800w\" sizes=\"(max-width: 300px) 100vw, 300px\" \/><\/a>\u00dcber Hausd\u00fclmen, den Wildpark D\u00fclmen ging es weiter nach Karthaus bis zum wohlverdienten ersten Highlight, dem Caf\u00e9 Blumenkr\u00e4nzchen in Nottuln. In einem wundersch\u00f6nen Garten (Bauerngarten mit Gem\u00fcse, Rosen und Stauden, einen Romantikgarten mit Pavillon, verwunschene Ecken mit Sitzgelegenheiten und ein H\u00fchnergehege) hatten unsere Gastgeber ein traumhaftes Fr\u00fchst\u00fccksbuffet ausschlie\u00dflich f\u00fcr den Skiclub vorbereitet.<a href=\"https:\/\/skiclub-haltern.de\/wp-content\/uploads\/2020\/11\/Cafe-Blumenkr\u00e4nzchen-2.jpg\"><img loading=\"lazy\" decoding=\"async\" class=\"size-medium wp-image-2143 alignright\" src=\"https:\/\/skiclub-haltern.de\/wp-content\/uploads\/2020\/11\/Cafe-Blumenkr\u00e4nzchen-2-300x190.jpg\" alt=\"\" width=\"300\" height=\"190\" srcset=\"https:\/\/skiclub-haltern.de\/wp-content\/uploads\/2020\/11\/Cafe-Blumenkr\u00e4nzchen-2-300x190.jpg 300w, https:\/\/skiclub-haltern.de\/wp-content\/uploads\/2020\/11\/Cafe-Blumenkr\u00e4nzchen-2-768x486.jpg 768w, https:\/\/skiclub-haltern.de\/wp-content\/uploads\/2020\/11\/Cafe-Blumenkr\u00e4nzchen-2.jpg 800w\" sizes=\"(max-width: 300px) 100vw, 300px\" \/><\/a><\/p>\n<p>Nach dem hervorragenden Fr\u00fchst\u00fcck und einer erholsamen Pause ging es dann endlich in die Baumberge. Hier zeigte sich, dass eine gute Vorbereitung, wie beim Skiclubtraining \u201eSport im Park\u201c nicht von Nachteil ist. F\u00fcr einige Radler war der n\u00e4chste Stopp an der Bruder-Klaus-Kapelle eine Wohltat. Die Kapelle ist ein toller Ort f\u00fcr Ruhe und Rast und liegt direkt am Baumberg-Kreuzweg. Von hier hat man einen herrlichen Blick \u00fcber die Weite der m\u00fcnsterl\u00e4ndischen Parklandschaft.<\/p>\n<p><a href=\"https:\/\/skiclub-haltern.de\/wp-content\/uploads\/2020\/11\/Fahrradtour-M\u00fcnsterland.jpg\"><img loading=\"lazy\" decoding=\"async\" class=\"alignleft size-full wp-image-2141\" src=\"https:\/\/skiclub-haltern.de\/wp-content\/uploads\/2020\/11\/Fahrradtour-M\u00fcnsterland.jpg\" alt=\"\" width=\"800\" height=\"494\" srcset=\"https:\/\/skiclub-haltern.de\/wp-content\/uploads\/2020\/11\/Fahrradtour-M\u00fcnsterland.jpg 800w, https:\/\/skiclub-haltern.de\/wp-content\/uploads\/2020\/11\/Fahrradtour-M\u00fcnsterland-300x185.jpg 300w, https:\/\/skiclub-haltern.de\/wp-content\/uploads\/2020\/11\/Fahrradtour-M\u00fcnsterland-768x474.jpg 768w\" sizes=\"(max-width: 800px) 100vw, 800px\" \/><\/a>Mit frischer Kraft ging es dann weiter \u00fcber Havixbeck ins sch\u00f6ne Altenberge unserem \u00dcbernachtungsziel, dem Akzent Hotel am idyllischen kleinen Bahnhof. Das n\u00e4chste Highlight, der geplante Besuch des Eiskellers der ehemaligen Bierbrauerei Beuing, fiel leider aufgrund der Beschr\u00e4nkungen bzgl. Corona-Pandemie aus. Einige nutzen die freie Zeit f\u00fcr eine Erkundung des sch\u00f6nen, alten Stadtkerns, w\u00e4hrend die anderen sich eine wohlverdiente Auszeit g\u00f6nnten. Nach einem leckeren Abendessen lie\u00dfen wir den Abend in gem\u00fctlicher Runde ausklingen.<\/p>\n<p>Wie nicht anders zu erwarten, starteten wir p\u00fcnktlich und gut gelaunt in den zweiten Tag der Tour. Bei strahlendem Sonnenschein ging es an Havixbeck vorbei direkt in die n\u00e4chste Bergetappe.<\/p>\n<p><a href=\"https:\/\/skiclub-haltern.de\/wp-content\/uploads\/2020\/11\/Bruder-Klaus-Kapelle.jpg\"><img loading=\"lazy\" decoding=\"async\" class=\"alignleft size-medium wp-image-2144\" src=\"https:\/\/skiclub-haltern.de\/wp-content\/uploads\/2020\/11\/Bruder-Klaus-Kapelle-225x300.jpg\" alt=\"\" width=\"225\" height=\"300\" srcset=\"https:\/\/skiclub-haltern.de\/wp-content\/uploads\/2020\/11\/Bruder-Klaus-Kapelle-225x300.jpg 225w, https:\/\/skiclub-haltern.de\/wp-content\/uploads\/2020\/11\/Bruder-Klaus-Kapelle.jpg 600w\" sizes=\"(max-width: 225px) 100vw, 225px\" \/><\/a>Nach einem kurzen Foto-Stopp an der Bruder-Klaus-Kapelle ging es dann \u00fcber die Leopoldsh\u00f6he und Stevern hinunter zur Stiftskirche nach Nottuln. Im Schatten der Kirche g\u00f6nnten wir uns eine kleine Pause in einem gem\u00fctlichen Eis-Caf\u00e9. Die letzte Etappe durchs sch\u00f6ne M\u00fcnsterland f\u00fchrte dann \u00fcber Karthaus, Leuste, B\u00f6rnste und Hausd\u00fclmen zum Abschluss in die Sythener Flora. Am Ende galt der Dank Brigitte und Herrmann f\u00fcr 120 wundersch\u00f6ne Kilometer mit dem Fahrrad durchs M\u00fcnsterland.<br \/><br \/>(Sept. 2020)<\/p>","protected":false},"excerpt":{"rendered":"<p>Unter strenger Geheimhaltung \u00fcber das Ziel der Tour hatten Brigitte und Hermann Lambernd die zweit\u00e4gige Fahrradtour wieder hervorragend geplant. So wie es sich f\u00fcr einen richtigen Skiclub geh\u00f6rt, ging es in diesem Jahr in die Berge. Auch wenn die Berge &hellip; <a href=\"https:\/\/skiclub-haltern.de\/?page_id=2145\">Weiterlesen <span class=\"meta-nav\">&rarr;<\/span><\/a><\/p>\n","protected":false},"author":13,"featured_media":0,"parent":30,"menu_order":891,"comment_status":"closed","ping_status":"closed","template":"","meta":{"ngg_post_thumbnail":0,"footnotes":""},"_links":{"self":[{"href":"https:\/\/skiclub-haltern.de\/index.php?rest_route=\/wp\/v2\/pages\/2145"}],"collection":[{"href":"https:\/\/skiclub-haltern.de\/index.php?rest_route=\/wp\/v2\/pages"}],"about":[{"href":"https:\/\/skiclub-haltern.de\/index.php?rest_route=\/wp\/v2\/types\/page"}],"author":[{"embeddable":true,"href":"https:\/\/skiclub-haltern.de\/index.php?rest_route=\/wp\/v2\/users\/13"}],"replies":[{"embeddable":true,"href":"https:\/\/skiclub-haltern.de\/index.php?rest_route=%2Fwp%2Fv2%2Fcomments&post=2145"}],"version-history":[{"count":11,"href":"https:\/\/skiclub-haltern.de\/index.php?rest_route=\/wp\/v2\/pages\/2145\/revisions"}],"predecessor-version":[{"id":2296,"href":"https:\/\/skiclub-haltern.de\/index.php?rest_route=\/wp\/v2\/pages\/2145\/revisions\/2296"}],"up":[{"embeddable":true,"href":"https:\/\/skiclub-haltern.de\/index.php?rest_route=\/wp\/v2\/pages\/30"}],"wp:attachment":[{"href":"https:\/\/skiclub-haltern.de\/index.php?rest_route=%2Fwp%2Fv2%2Fmedia&parent=2145"}],"curies":[{"name":"wp","href":"https:\/\/api.w.org\/{rel}","templated":true}]}}