{"id":2284,"date":"2022-02-18T16:27:48","date_gmt":"2022-02-18T15:27:48","guid":{"rendered":"https:\/\/skiclub-haltern.de\/?page_id=2284"},"modified":"2022-02-18T16:43:27","modified_gmt":"2022-02-18T15:43:27","slug":"natur-und-kultur-pur-mit-dem-skiclub-haltern-auf-tour","status":"publish","type":"page","link":"https:\/\/skiclub-haltern.de\/?page_id=2284","title":{"rendered":"Natur und Kultur Pur \u2013 mit dem Skiclub Haltern auf Tour"},"content":{"rendered":"\n<div class=\"wp-block-image\"><figure class=\"aligncenter size-large is-resized\"><a href=\"https:\/\/skiclub-haltern.de\/wp-content\/uploads\/2021\/12\/Radtour-Skiclub-2021.jpg\"><img loading=\"lazy\" decoding=\"async\" src=\"https:\/\/skiclub-haltern.de\/wp-content\/uploads\/2021\/12\/Radtour-Skiclub-2021-1024x497.jpg\" alt=\"Test\" class=\"wp-image-2238\" width=\"665\" height=\"323\" srcset=\"https:\/\/skiclub-haltern.de\/wp-content\/uploads\/2021\/12\/Radtour-Skiclub-2021-1024x497.jpg 1024w, https:\/\/skiclub-haltern.de\/wp-content\/uploads\/2021\/12\/Radtour-Skiclub-2021-300x146.jpg 300w, https:\/\/skiclub-haltern.de\/wp-content\/uploads\/2021\/12\/Radtour-Skiclub-2021-768x373.jpg 768w, https:\/\/skiclub-haltern.de\/wp-content\/uploads\/2021\/12\/Radtour-Skiclub-2021.jpg 1200w\" sizes=\"(max-width: 665px) 100vw, 665px\" \/><\/a><figcaption><br>Gruppenfoto im Garten &#8222;Arboretum Grenzenlust&#8220;, eine Art Museum f\u00fcr verschiedenartige heimische und exotische B\u00e4ume und Str\u00e4ucher.<\/figcaption><\/figure><\/div>\n\n\n\n<p>Am 4. September 2021 war es wieder so weit, der Skiclub startete mit 20 gut trainierten Fahrradhelden zur j\u00e4hrlichen Wochenendradtour. Brigitte und Hermann Lambernd hatten die Tour, die in diesem Jahr zum Niederrhein f\u00fchrte, wieder einmal hervorragend geplant. Wie \u00fcblich starteten die Teilnehmer die \u201e\u00dcberraschungs-Tour\u201c ohne Ziel und Programm zu kennen.<\/p>\n\n\n\n<div class=\"wp-block-image\"><figure class=\"alignleft size-full\"><a href=\"https:\/\/skiclub-haltern.de\/wp-content\/uploads\/2021\/12\/Schloss-Lembeck-rotated.jpg\"><img loading=\"lazy\" decoding=\"async\" width=\"240\" height=\"320\" src=\"https:\/\/skiclub-haltern.de\/wp-content\/uploads\/2021\/12\/Schloss-Lembeck-rotated.jpg\" alt=\"\" class=\"wp-image-2241\" srcset=\"https:\/\/skiclub-haltern.de\/wp-content\/uploads\/2021\/12\/Schloss-Lembeck-rotated.jpg 240w, https:\/\/skiclub-haltern.de\/wp-content\/uploads\/2021\/12\/Schloss-Lembeck-225x300.jpg 225w\" sizes=\"(max-width: 240px) 100vw, 240px\" \/><\/a><figcaption> Schloss Lembeck <\/figcaption><\/figure><\/div>\n\n\n\n<p>Nach dem Start am Schulzentrum f\u00fchrte die Strecke am Fu\u00dfe des Annaberg entlang nach Lippramsdorf und Wulfen bis zum ersten Boxenstopp am Schloss Lembeck. Vor den Schlosstoren, im Garten des &#8222;Caf\u00e9 am Schloss&#8220;, genossen die Teilnehmer mit den ersten Sonnenstrahlen ein wundersch\u00f6nes Fr\u00fchst\u00fcck. <br>Weiter ging es durch den D\u00e4mmerwald bis nach Marienthal. Nach einem kurzen Stopp mit Besichtigung der Klosterkirche und des Friedhofs ging es dann weiter zu einer Alpaka-Zucht.<\/p>\n\n\n\n<div class=\"wp-block-image is-style-rounded\"><figure class=\"alignright size-full is-resized\"><a href=\"https:\/\/skiclub-haltern.de\/wp-content\/uploads\/2021\/12\/Alpaka.jpg\"><img loading=\"lazy\" decoding=\"async\" src=\"https:\/\/skiclub-haltern.de\/wp-content\/uploads\/2021\/12\/Alpaka.jpg\" alt=\"\" class=\"wp-image-2239\" width=\"226\" height=\"301\"\/><\/a><figcaption>Alpakas am Schloss  Ringenberg <\/figcaption><\/figure><\/div>\n\n\n\n<p>Die Alpaka-Zucht befindet sich auf einem Landhof in Hamminkeln-Ringenberg direkt neben dem Wasserschloss. Toll, diese wundersch\u00f6nen Tiere aus der N\u00e4he zu betrachten. Dar\u00fcber hinaus bot sich hier auch die Gelegenheit eine Naturmode-Boutique mit \u00f6kologisch, nachhaltiger Mode aus Alpakawolle zu besuchen sowie ein St\u00fcck hausgemachten Kuchen und Kaffee zu genie\u00dfen. &nbsp;Nach rund 65 Kilometern \u00fcber wundersch\u00f6ne Radwege fand der erste Tag dann im Landhotel Hasen-Hein, in Hamminkeln Br\u00fcnen, einen sch\u00f6nen Abschluss mit einem gemeinsamen Abendessen.<\/p>\n\n\n\n<div class=\"wp-block-image is-style-rounded\"><figure class=\"alignleft size-full is-resized\"><a href=\"https:\/\/skiclub-haltern.de\/wp-content\/uploads\/2022\/02\/Arboretum-China-rotated.jpg\"><img loading=\"lazy\" decoding=\"async\" src=\"https:\/\/skiclub-haltern.de\/wp-content\/uploads\/2022\/02\/Arboretum-China-rotated.jpg\" alt=\"\" class=\"wp-image-2281\" width=\"240\" height=\"320\" srcset=\"https:\/\/skiclub-haltern.de\/wp-content\/uploads\/2022\/02\/Arboretum-China-rotated.jpg 240w, https:\/\/skiclub-haltern.de\/wp-content\/uploads\/2022\/02\/Arboretum-China-225x300.jpg 225w\" sizes=\"(max-width: 240px) 100vw, 240px\" \/><\/a><\/figure><\/div>\n\n\n\n<p>Das &#8222;Arboretum Grenzenlust&#8220;, eine Art Museum f\u00fcr verschiedenartige heimische und exotische B\u00e4ume und Str\u00e4ucher, tr\u00e4gt seinen Namen, weil es sich \u00fcber drei Ortsgrenzen erstreckt: Wesel, Hamminkeln und Br\u00fcnen. In dem Park aus dem 18. Jahrhundert wachsen heute knapp 400 verschiedene Baumarten und gut 300 unterschiedliche Str\u00e4ucher. Dazu geh\u00f6ren der Urweltmammutbaum, die kalifornische K\u00fcstentanne oder die nach Jasmin duftende Staude Sieben-S\u00f6hne-des-Himmels aus China. <br><\/p>\n\n\n\n<div class=\"wp-block-image\"><figure class=\"alignright size-large is-resized\"><a href=\"https:\/\/skiclub-haltern.de\/wp-content\/uploads\/2021\/12\/Arboretum-Grenzenlust.jpg\"><img loading=\"lazy\" decoding=\"async\" src=\"https:\/\/skiclub-haltern.de\/wp-content\/uploads\/2021\/12\/Arboretum-Grenzenlust-1024x571.jpg\" alt=\"\" class=\"wp-image-2240\" width=\"418\" height=\"232\" srcset=\"https:\/\/skiclub-haltern.de\/wp-content\/uploads\/2021\/12\/Arboretum-Grenzenlust-1024x571.jpg 1024w, https:\/\/skiclub-haltern.de\/wp-content\/uploads\/2021\/12\/Arboretum-Grenzenlust-300x167.jpg 300w, https:\/\/skiclub-haltern.de\/wp-content\/uploads\/2021\/12\/Arboretum-Grenzenlust-768x428.jpg 768w, https:\/\/skiclub-haltern.de\/wp-content\/uploads\/2021\/12\/Arboretum-Grenzenlust.jpg 1200w\" sizes=\"(max-width: 418px) 100vw, 418px\" \/><\/a><figcaption>Arboretum auf Gut Grenzenlust<\/figcaption><\/figure><\/div>\n\n\n\n<p>Die Besichtigung dieser herrlichen Parklandschaft, in der es ausdr\u00fccklich erlaubt ist, die Wege zu verlassen, um die B\u00e4ume von Nahem zu betrachten, beeindruckte alle Teilnehmer so sehr, dass dieser Tour-Stopp spontan etwas l\u00e4nger ausfiel.<\/p>\n\n\n\n<p>Mit dem Rad ging es danach weiter durch Wiesen und W\u00e4lder, vorbei an Marienthal und dem Naturschutzgebiet Tiergarten zum Schloss Raesfeld. Bei herrlichem Sonnenschein und einem leckeren Eis genoss die Gruppe den Blick auf das sehr sch\u00f6ne Schloss.<\/p>\n\n\n\n<p>Zum Ende der Tour \u00fcberraschte uns Rita mit einem k\u00f6stlichem Kuchenbuffet in ihrem spontan eingerichteten Caf\u00e9 in der Wetterschutzh\u00fctte am Bahnradweg in Lippramsdorf. Nach gut 60 Kilometern waren Rita\u2019s K\u00f6stlichkeiten f\u00fcr alle ein besonderer Genuss.<br><br>(Sept. 2021)<\/p>\n\n\n\n<p><\/p>\n\n\n\n<p><\/p>\n","protected":false},"excerpt":{"rendered":"<p>Am 4. September 2021 war es wieder so weit, der Skiclub startete mit 20 gut trainierten Fahrradhelden zur j\u00e4hrlichen Wochenendradtour. Brigitte und Hermann Lambernd hatten die Tour, die in diesem Jahr zum Niederrhein f\u00fchrte, wieder einmal hervorragend geplant. Wie \u00fcblich &hellip; <a href=\"https:\/\/skiclub-haltern.de\/?page_id=2284\">Weiterlesen <span class=\"meta-nav\">&rarr;<\/span><\/a><\/p>\n","protected":false},"author":13,"featured_media":0,"parent":30,"menu_order":890,"comment_status":"closed","ping_status":"closed","template":"","meta":{"ngg_post_thumbnail":0,"footnotes":""},"_links":{"self":[{"href":"https:\/\/skiclub-haltern.de\/index.php?rest_route=\/wp\/v2\/pages\/2284"}],"collection":[{"href":"https:\/\/skiclub-haltern.de\/index.php?rest_route=\/wp\/v2\/pages"}],"about":[{"href":"https:\/\/skiclub-haltern.de\/index.php?rest_route=\/wp\/v2\/types\/page"}],"author":[{"embeddable":true,"href":"https:\/\/skiclub-haltern.de\/index.php?rest_route=\/wp\/v2\/users\/13"}],"replies":[{"embeddable":true,"href":"https:\/\/skiclub-haltern.de\/index.php?rest_route=%2Fwp%2Fv2%2Fcomments&post=2284"}],"version-history":[{"count":4,"href":"https:\/\/skiclub-haltern.de\/index.php?rest_route=\/wp\/v2\/pages\/2284\/revisions"}],"predecessor-version":[{"id":2297,"href":"https:\/\/skiclub-haltern.de\/index.php?rest_route=\/wp\/v2\/pages\/2284\/revisions\/2297"}],"up":[{"embeddable":true,"href":"https:\/\/skiclub-haltern.de\/index.php?rest_route=\/wp\/v2\/pages\/30"}],"wp:attachment":[{"href":"https:\/\/skiclub-haltern.de\/index.php?rest_route=%2Fwp%2Fv2%2Fmedia&parent=2284"}],"curies":[{"name":"wp","href":"https:\/\/api.w.org\/{rel}","templated":true}]}}