{"id":30,"date":"2011-02-25T17:04:13","date_gmt":"2011-02-25T17:04:13","guid":{"rendered":"http:\/\/www.skiclub-haltern.de\/?page_id=30"},"modified":"2011-04-05T17:02:57","modified_gmt":"2011-04-05T15:02:57","slug":"ruckblicke","status":"publish","type":"page","link":"https:\/\/skiclub-haltern.de\/?page_id=30","title":{"rendered":"R\u00fcckblicke"},"content":{"rendered":"<p>Nicht nur f\u00fcr Skil\u00e4ufer.<\/p>\n<p>Der Ski-Club bietet nat\u00fcrlich nicht nur Skil\u00e4ufern Spass. \u00dcber das ganze Jahr finden neben dem Fitnesstraining vielf\u00e4ltige Aktivit\u00e4ten statt. So gibt es regelm\u00e4\u00dfig Segelfreizeiten, Wochenendwanderungen in reizvollen Landschaften, Surffreizeiten, Fahrradtouren, Gleitschirmreisen, Ausfl\u00fcge in Kletterg\u00e4rten und viele andere Unternehmungen.<\/p>\n<p>Aber nat\u00fcrlich kommt das Skifahren auch nicht zu kurz.<\/p>\n<p>Einige Impressionen der letzten Aktionen haben wir hier und im Fotoalbum zusammengestellt, siehe die Auswahl im Menu R\u00fcckblicke oben.<\/p>\n","protected":false},"excerpt":{"rendered":"<p>Nicht nur f\u00fcr Skil\u00e4ufer. Der Ski-Club bietet nat\u00fcrlich nicht nur Skil\u00e4ufern Spass. \u00dcber das ganze Jahr finden neben dem Fitnesstraining vielf\u00e4ltige Aktivit\u00e4ten statt. So gibt es regelm\u00e4\u00dfig Segelfreizeiten, Wochenendwanderungen in reizvollen Landschaften, Surffreizeiten, Fahrradtouren, Gleitschirmreisen, Ausfl\u00fcge in Kletterg\u00e4rten und viele &hellip; <a href=\"https:\/\/skiclub-haltern.de\/?page_id=30\">Weiterlesen <span class=\"meta-nav\">&rarr;<\/span><\/a><\/p>\n","protected":false},"author":1,"featured_media":0,"parent":0,"menu_order":0,"comment_status":"closed","ping_status":"open","template":"","meta":{"ngg_post_thumbnail":0,"footnotes":""},"_links":{"self":[{"href":"https:\/\/skiclub-haltern.de\/index.php?rest_route=\/wp\/v2\/pages\/30"}],"collection":[{"href":"https:\/\/skiclub-haltern.de\/index.php?rest_route=\/wp\/v2\/pages"}],"about":[{"href":"https:\/\/skiclub-haltern.de\/index.php?rest_route=\/wp\/v2\/types\/page"}],"author":[{"embeddable":true,"href":"https:\/\/skiclub-haltern.de\/index.php?rest_route=\/wp\/v2\/users\/1"}],"replies":[{"embeddable":true,"href":"https:\/\/skiclub-haltern.de\/index.php?rest_route=%2Fwp%2Fv2%2Fcomments&post=30"}],"version-history":[{"count":7,"href":"https:\/\/skiclub-haltern.de\/index.php?rest_route=\/wp\/v2\/pages\/30\/revisions"}],"predecessor-version":[{"id":2182,"href":"https:\/\/skiclub-haltern.de\/index.php?rest_route=\/wp\/v2\/pages\/30\/revisions\/2182"}],"wp:attachment":[{"href":"https:\/\/skiclub-haltern.de\/index.php?rest_route=%2Fwp%2Fv2%2Fmedia&parent=30"}],"curies":[{"name":"wp","href":"https:\/\/api.w.org\/{rel}","templated":true}]}}