{"id":316,"date":"2011-03-29T13:32:21","date_gmt":"2011-03-29T11:32:21","guid":{"rendered":"http:\/\/www.skiclub-haltern.de\/?page_id=316"},"modified":"2016-11-08T20:57:00","modified_gmt":"2016-11-08T19:57:00","slug":"st-ulrich-marz-2011","status":"publish","type":"page","link":"https:\/\/skiclub-haltern.de\/?page_id=316","title":{"rendered":"St.Ulrich M\u00e4rz 2011"},"content":{"rendered":"<h2>Tagesbericht Sonntag 20.3.2011<\/h2>\n<div>Publiziert am <a title=\"22:15\" href=\"..\/?p=263\" rel=\"bookmark\">20. M\u00e4rz 2011<\/a> von <a title=\"Zeige alle Beitr\u00e4ge von Rolf\" href=\"..\/?author=2\">Rolf<\/a><\/div>\n<div>\n<p>Nachdem wir gestern alle gut angekommen sind, stand heute der erste Skitag an. Offenbar haben wir das Wetter mitgebracht, denn nach einer Woche eher schlechten Wetters war heute: Kaiserwetter! F\u00fcr Britta war es heute sogar der erste Skitag \u00fcberhaupt, wir freuen uns, da\u00df sie viel Spa\u00df hatte und weitermachen wird, auch wenn sie total geschafft ist und jetzt schon l\u00e4ngst schl\u00e4ft.<\/p>\n<p>Nach einem Tag voller Pistenkilometer kehrten wir, wie in den vergangenen Jahren schon traditionell, bei der letzten Rast vor dem Hotel in der Annah\u00fctte ein. Das war auch gut so, denn der Sulzschnee im unteren Bereich der Talabfahrt hatte schon ein Opfer gefordert.\u00a0 War aber nicht schlimm und nach der Pause, das Hotel mit der Sauna schon vor dem geistigen Auge, schafften wir m\u00fcde und gl\u00fccklich das letzte St\u00fcck. Ein Superskitag, morgen gehen wir die Marmolada an. Fotos im <a title=\"St. Ulrich 2011\" href=\"..\/?page_id=267\">Fotalbum<\/a>!<\/p>\n<h2>Tagesbericht Montag, 21.M\u00e4rz 2011<\/h2>\n<div>Publiziert am <a title=\"19:16\" href=\"..\/?p=271\" rel=\"bookmark\">21. M\u00e4rz 2011<\/a> von <a title=\"Zeige alle Beitr\u00e4ge von Rolf\" href=\"..\/?author=2\">Rolf<\/a><\/div>\n<p>Nachdem morgens an einem Skischuh eine Schraube fehlte und auch nicht ersetzt werden konnte, ging es mit leichter Versp\u00e4tung dann doch los in Richtung Marmolada. Bei traumhaftem Wetter hochmotiviert, wurden wir von einer riesigen Menschentraube vor der Talstation zur Marmolada-Gondel ausgebremst. Keine Chance, Marmolada heute zu erreichen und bis zum Hotel zur\u00fcck zu kommen. Voller Elan haben wir die Ski geschultert und sind 350 Meter die Stra\u00dfe hoch, zur\u00fcck zum Schlepplift, an dem wir gerade vorbeigefahren waren, hochgestapft. \u201cWenn wir da ankommen, sind wir wie durchs Wasser gezogen.\u201d Durchgeschwitzt haben wir uns vom Fahrtwind im Schlepplift wieder trocknen lassen. Danke an unsere Trainerinnen, die uns Montags, Dienstags und Donnerstags auf solche Strapazen gut vorbereitet haben, so da\u00df wir danach noch lange nicht am Ende waren. Heute sind sicher \u00fcber 100 Pistenkilometer zur\u00fcckgelegt worden. Einer von uns war tats\u00e4chlich der Letzte im Sessellift, bevor abgeschaltet wurde.<\/p>\n<p>PS: Warum summen Bienen? Weil sie den Text nicht kennen!<\/p>\n<p>Die Fotos von heute sind schon im <a title=\"St. Ulrich 2011\" href=\"..\/?page_id=267\">Fotoalbum<\/a>.<\/p>\n<p>Zitat des Tages: \u201cEs ist kaum auszuhalten!\u201d R\u00fcckfrage: \u201cWas denn?\u201d \u201cDie Gesamtsituation!\u201d<\/p>\n<p>Hier ist \u00fcbrigens unser Hotel zu sehen: <a title=\"Hotel Arnaria\" href=\"http:\/\/www.arnaria.com\/de\" target=\"_blank\">Hotel Arnaria in St. Ulrich<\/a><\/p>\n<p>Hier k\u00f6nnt Ihr jeden Tag verfolgen, wie flei\u00dfig wir die Pisten hobeln, denn mit dem <a href=\"http:\/\/utilizzo.dolomitisuperski.com\/jsp\/applet_\/findTransit.jsp?ccode=de-DE\" target=\"_blank\">Dolomiti Superskipass<\/a> (Das App scheint nur mit dem Internet Explorer und nicht mit Firefox zu funktionieren) wird automatisch protokolliert, welche Lifte wir genommen haben und ergo wieviele H\u00f6henmeter und Pistenkilometer ungef\u00e4hr so zusammen kommen. Eine unserer Skipassnummern ist: 111\/16447. Das Ergebnis von gestern sieht z.B. so aus:<\/p>\n<p><a href=\"..\/wp-content\/uploads\/2011\/03\/screenshot-Pistenstatistik21.jpg\"><img loading=\"lazy\" decoding=\"async\" title=\"Pistenstatistik vom ersten Tag\" src=\"..\/wp-content\/uploads\/2011\/03\/screenshot-Pistenstatistik21.jpg\" alt=\"\" width=\"710\" height=\"491\" \/><\/a><\/p>\n<p>&nbsp;<\/p>\n<h2>Tagesbericht Dienstag, 22. M\u00e4rz 2011<\/h2>\n<div>Publiziert am <a title=\"21:53\" href=\"..\/?p=283\" rel=\"bookmark\">22. M\u00e4rz 2011<\/a> von <a title=\"Zeige alle Beitr\u00e4ge von Rolf\" href=\"..\/?author=2\">Rolf<\/a><\/div>\n<p>Die Pistenkilometer, die uns die Auswertung des Skipasses angibt, k\u00f6nnen wir nicht nachvollziehen. Alle sind sicher, da\u00df wir gestern wesentlich mehr gefahren sind als am Sonntag. Trotzdem sind zu den 98 km von Sonntag angeblich nur 53 km dazugekommen auf insgesamt 151. Seeeehr seltsam.<\/p>\n<p>Heute war unser dritter Tag. Vielleicht ist es ja nur eine Legende, aber jedenfalls waren wir heute insgesamt nicht ganz so fit und z\u00fcgig unterwegs, wie in den Tagen zuvor. Daf\u00fcr waren wir auf der Spaghetti-H\u00fctte zum Essen. Immerhin kamen wir heute dennoch nach Corvara und La Villa und haben drei Weltcup-Abfahrten genommen: Gran Risa in La Villa, Ciampac in Wolkenstein und zum wiederholten Mal die Saslong in St. Christina. Danach gab es dann doch einige Mitfahrer, die die gr\u00f6\u00dfte Herausforderung nicht mehr haben wollten: Die Talabfahrt zur Annah\u00fctte.<\/p>\n<p>Das Wetter ist v\u00f6llig langweilig, knallblauer Himmel die ganze Zeit und bis Freitag soll es so weiter gehen. Wie gesagt: Es ist kaum auszuhalten\u2026 Allerdings verschlechtert sich die Schneelage, es war heute deutlich eher und schon auf gr\u00f6\u00dferer H\u00f6he sulzig. Aber egal, wir sind ja nicht zum Vergn\u00fcgen hier!<\/p>\n<p>Im <a title=\"St. Ulrich 2011\" href=\"..\/?page_id=267\">Fotoalbum <\/a>weitere Eindr\u00fccke von heute, bzw. die Speisekarte unseres Galadinners gestern abend. Mit einem Wort: LECKER! Und heute Abend war es fast noch besser! Spruch des Tages ist daher: \u201cWer keine Figur hat, braucht auch nicht darauf zu achten!\u201d<\/p>\n<p>Morgen nehmen wir den Skibus nach Wolkenstein, um Zeit zu sparen und den Lagazoui zu erobern.<\/p>\n<h2>Tagesbericht Mittwoch, 23. M\u00e4rz 2011<\/h2>\n<div>Publiziert am <a title=\"21:30\" href=\"..\/?p=291\" rel=\"bookmark\">23. M\u00e4rz 2011<\/a> von <a title=\"Zeige alle Beitr\u00e4ge von Rolf\" href=\"..\/?author=2\">Rolf<\/a><\/div>\n<div>\n<p>Heute nur kurz, alle sind schon im Bett. Wir waren auf dem Lagazuoi und haben nebenbei auch die Sella Ronda erledigt. Geschwitzt, gegrillt, 9 Stunden Sauna. Morgens Lachs und Prosecco zum Fr\u00fchst\u00fcck. Bus nach Wolkenstein, Einstieg \u00fcber Danterceppies nach Corvara, La Villa, San Cassiano, Armentarola Pass. Von dort mit dem Bus zur Talstation Lagazuoi. Keine nennenswerten Wartezeiten heute. Oben grandioser Rundumblick. Einkehr in der Scotoni-H\u00fctte, ber\u00fchmt f\u00fcr gegrillte Fleischgerichte (S. <a title=\"St. Ulrich 2011\" href=\"..\/?page_id=267\">Fotos<\/a>).<\/p>\n<p>Talabfahrt vorbei an einem Eisfall bis zum Flu\u00dfbett, von wo dann ein Pferdelift uns zur n\u00e4chsten Talstation brachte. \u00dcber Arraba, Belvedere, Sellajoch ging es dann zur\u00fcck bis nach St. Christina. Die Beine waren schwer, die F\u00fc\u00dfe rauchten und die Oberschenkel brannten. Alle gl\u00fccklich und zufrieden zur\u00fcck zum Aperitif im Hotel. Spruch des Tages wird nachgeliefert.<\/p>\n<p>Plan f\u00fcr morgen: Marmolada (weil hoch und guter Schnee). Gute Nacht!<\/p>\n<\/div>\n<h2>Tagesbericht Donnerstag, 24.M\u00e4rz 2011<\/h2>\n<div>Publiziert am <a title=\"22:14\" href=\"..\/?p=298\" rel=\"bookmark\">24. M\u00e4rz 2011<\/a> von <a title=\"Zeige alle Beitr\u00e4ge von Juergen\" href=\"..\/?author=6\">Juergen<\/a><\/div>\n<p>Heute ging es zur Marmolada (Gletscher 3300 m \u00dcM). Mit dem Skibus fuhren wir nach Wolkenstein, vorher allerdings gab es noch ein kleines Drama wegen verschwundener Skischuhe von Rolf. Im Skiladen bekam er aber schnell und unb\u00fcrokratisch neue Schuhe, so dass wir uns im Skibus alle wieder trafen. Wir nahmen den bekannten Weg \u00fcber Champinoi, Piz Seteur, steinerne Stadt. Hier mu\u00dfte Rolf aufgeben, da die neuen Leihschuhe nicht so passten, dass er damit die gesamte Strecke bew\u00e4ltigen k\u00f6nnte. Schweren Herzens verabschiedete er sich und kehrte um nach St. Ulrich. Die Restgruppe setzte die Tour \u00fcber Belvedere, Arabba zur Talstation Marmolada fort. Zwischenzeitlich konnten wir englische Skifahrer in Bermudashorts, Unterhemd oder freiem Oberk\u00f6rper bewundern, die einen Brustumfang hatten, der uns alle \u2013 M\u00e4nnlein und Weiblein- neidisch machte. Nach knapp 30 Minuten Wartezeit standen wir in der 1. Gondel, es folgten im Abstand von jeweils 20 Minuten Gondel Nummer 2 und 3. Dann standen wir auf der Aussichtsplattform in 3300 m H\u00f6he (Hubert auf 3302 m) und waren \u00fcberw\u00e4ltigt von der Rundumsicht (s. <a title=\"St. Ulrich 2011\" href=\"..\/?page_id=267\">Fotos<\/a>). Dann ging es abw\u00e4rts, bombig griffiger Schnee und steile Abfahrten, bei gewohnt blauem Himmel und voller Sonneneinstrahlung. Im Tal wurde es dann etwas sulzig, aber auch das haben wir wie gewohnt weggesteckt. Mittagspause dann im Rifugio Pardon mit S\u00fcppchen, Spaghetti und Espresso bzw. Cappucino. Dann ging es den gleichen Weg wieder zur\u00fcck. Der Autor dieser Zeilen verabschiedete nach der Abfahrt des Saslong, wobei die Mehrzahl der m\u00e4nnlichen Teilnehmer nicht die schwarze, sondern die rote (Weichei-) Abfahrt w\u00e4hlten. Anschlie\u00dfend ging es \u2013 ohne mich \u2013 traditionsgem\u00e4\u00df auf die Talabfahrt nach St. Ulrich mit Zwischenstop im Annatal. Dort gab es Willi\u00b2, Himbeertorte, Bombardino und Latte to go. Nach dem Spruch des Tages: \u201cAlkohol, Du b\u00f6ser Geist, hast die M\u00e4nner umgeschmei\u00dft, jetzt versuchst Du\u2019s auch mit mich \u2013 weg mit Dich!\u201d ging es dann die letzten 100 Meter zur Talstation.<\/p>\n<p>In diesem Sinne Wohlsein und gute Nacht.<\/p>\n<h2>Tagesbericht Freitag, 25.M\u00e4rz 2011<\/h2>\n<div>Publiziert am <a title=\"22:19\" href=\"..\/?p=303\" rel=\"bookmark\">25. M\u00e4rz 2011<\/a> von <a title=\"Zeige alle Beitr\u00e4ge von Rolf\" href=\"..\/?author=2\">Rolf<\/a><\/div>\n<div>\n<p>Heute war das Ziel nochmal (mir zuliebe, damit ich es auch mal gesehen habe) der Gletscher \u201cMarmolada\u201d. Meine\u00a0 neuen Skischuhe: Astrein.<\/p>\n<p>Danke an Familie Hofer und das Hotelteam, die unseren Aufenthalt denkbar angenehm gestaltet haben. Wir k\u00f6nnen es nur w\u00e4rmstens empfehlen: <a href=\"http:\/\/www.arnaria.com\/de\/index.html\" target=\"_blank\">Hotel Arnaria<\/a>. Gro\u00dfen Dank an Eva f\u00fcrs unerm\u00fcdliche Skiguiding \u00fcber die eigene\u00a0 Schmerzgrenze hinaus! Danke an Dich, Arne, f\u00fcrs Ausleihen Deiner Kamera, ohne die viele Fotos nicht m\u00f6glich gewesen w\u00e4ren. Gro\u00dfes Lob an eine tolle Truppe, die skifahrerisch bestens aufgelegt war; auch abseits der Piste lief alles wie geschmiert. Es war eine fantastische Woche, in der bis aufs Wetter (kaum auszuhalten, immer nur blauer Himmel und pralle Sonne) alles bis aufs i-T\u00fcpfelchen gepasst hat.<\/p>\n<p>Schlu\u00dfwort (von Heinz beim Abschnallen der Skier am Ende der letzten Abfahrt): \u201cJetzt kann der Sommer kommen!\u201d<\/p>\n<\/div>\n<\/div>\n","protected":false},"excerpt":{"rendered":"<p>Tagesbericht Sonntag 20.3.2011 Publiziert am 20. M\u00e4rz 2011 von Rolf Nachdem wir gestern alle gut angekommen sind, stand heute der erste Skitag an. Offenbar haben wir das Wetter mitgebracht, denn nach einer Woche eher schlechten Wetters war heute: Kaiserwetter! F\u00fcr &hellip; <a href=\"https:\/\/skiclub-haltern.de\/?page_id=316\">Weiterlesen <span class=\"meta-nav\">&rarr;<\/span><\/a><\/p>\n","protected":false},"author":2,"featured_media":0,"parent":30,"menu_order":908,"comment_status":"open","ping_status":"closed","template":"","meta":{"ngg_post_thumbnail":0,"footnotes":""},"_links":{"self":[{"href":"https:\/\/skiclub-haltern.de\/index.php?rest_route=\/wp\/v2\/pages\/316"}],"collection":[{"href":"https:\/\/skiclub-haltern.de\/index.php?rest_route=\/wp\/v2\/pages"}],"about":[{"href":"https:\/\/skiclub-haltern.de\/index.php?rest_route=\/wp\/v2\/types\/page"}],"author":[{"embeddable":true,"href":"https:\/\/skiclub-haltern.de\/index.php?rest_route=\/wp\/v2\/users\/2"}],"replies":[{"embeddable":true,"href":"https:\/\/skiclub-haltern.de\/index.php?rest_route=%2Fwp%2Fv2%2Fcomments&post=316"}],"version-history":[{"count":7,"href":"https:\/\/skiclub-haltern.de\/index.php?rest_route=\/wp\/v2\/pages\/316\/revisions"}],"predecessor-version":[{"id":1360,"href":"https:\/\/skiclub-haltern.de\/index.php?rest_route=\/wp\/v2\/pages\/316\/revisions\/1360"}],"up":[{"embeddable":true,"href":"https:\/\/skiclub-haltern.de\/index.php?rest_route=\/wp\/v2\/pages\/30"}],"wp:attachment":[{"href":"https:\/\/skiclub-haltern.de\/index.php?rest_route=%2Fwp%2Fv2%2Fmedia&parent=316"}],"curies":[{"name":"wp","href":"https:\/\/api.w.org\/{rel}","templated":true}]}}