{"id":429,"date":"2011-07-15T17:41:11","date_gmt":"2011-07-15T15:41:11","guid":{"rendered":"http:\/\/www.skiclub-haltern.de\/?page_id=429"},"modified":"2016-11-08T20:58:02","modified_gmt":"2016-11-08T19:58:02","slug":"schlauchboot-tour-auf-der-lippe","status":"publish","type":"page","link":"https:\/\/skiclub-haltern.de\/?page_id=429","title":{"rendered":"Schlauchboot-Tour auf der Lippe 2011"},"content":{"rendered":"<p><a href=\"http:\/\/www.skiclub-haltern.de\/wp-content\/uploads\/2011\/07\/Gruppe-Schlauchboot.jpg\"><img loading=\"lazy\" decoding=\"async\" class=\"alignright size-full wp-image-430\" title=\"Gruppe Schlauchboot\" src=\"http:\/\/www.skiclub-haltern.de\/wp-content\/uploads\/2011\/07\/Gruppe-Schlauchboot.jpg\" alt=\"Eine kurze Rast f\u00fcr ein Foto\" width=\"800\" height=\"592\" srcset=\"https:\/\/skiclub-haltern.de\/wp-content\/uploads\/2011\/07\/Gruppe-Schlauchboot.jpg 800w, https:\/\/skiclub-haltern.de\/wp-content\/uploads\/2011\/07\/Gruppe-Schlauchboot-300x222.jpg 300w\" sizes=\"(max-width: 800px) 100vw, 800px\" \/><\/a><\/p>\n<p>Am 09.07.2011 sind insgesamt (leider nur) zehn Skiclub-Mitglieder zum diesj\u00e4hrigen Sommerevent aufgebrochen: dem Schlauchbootfahren auf der Lippe. Und es hat sich gelohnt!<\/p>\n<p>An der Basisstation von Funboat-Touristik bei Gahlen\/Schermbeck wurden wir mit Schwimmwesten versorgt und konnten nach kurzer Zeit mit unserem \u201ekleinen\u201c Schlauchboot Richtung Wasser ziehen. Unser Bootsmann Karsten war ein richtig netter und hat uns mit Assistenz von Kati und Lisa, unserer paddelfaulen Teenagerbesatzung, sicher durch den wilden Fluss, die rei\u00dfenden Stromschnellen und an Sandb\u00e4nken vorbei man\u00f6vriert. Wir konnten die Ruhe, ein Picknick auf dem Wasser und das gl\u00fccklicherweise optimale Bootfahrwetter zwischen den Wasserschlachten und Kenterman\u00f6vern mit anderen Booten in vollen Z\u00fcgen genie\u00dfen. Nebenbei war es ein super Fitnesstraining &#8211; der Muskelkater ist fast vergessen, die Blasen an den H\u00e4nden sind wieder verheilt (beim n\u00e4chsten Mal die Handschuhe nicht vergessen!). Auf diese Weise hatten wir alle einen richtig sch\u00f6nen, gemeinsamen Nachmittag und waren ganz \u00fcberrascht als das Ende der Tour bei H\u00fcnxe erreicht war. Drei Stunden sind doch schnell herum, wenn man Spa\u00df hat.<\/p>\n<p>Vielen Dank an die Organisatoren f\u00fcr diese gelungene Aktion! Vielleicht raffen sich im n\u00e4chsten Jahr noch ein paar mehr dazu auf? Dann schaffen wir vielleicht auch das gemeinsame Grillen. Ich w\u00fcrde mich auf jeden Fall dar\u00fcber freuen!<\/p>\n<p>Anna Pfeiffer<\/p>\n","protected":false},"excerpt":{"rendered":"<p>Am 09.07.2011 sind insgesamt (leider nur) zehn Skiclub-Mitglieder zum diesj\u00e4hrigen Sommerevent aufgebrochen: dem Schlauchbootfahren auf der Lippe. Und es hat sich gelohnt! An der Basisstation von Funboat-Touristik bei Gahlen\/Schermbeck wurden wir mit Schwimmwesten versorgt und konnten nach kurzer Zeit mit &hellip; <a href=\"https:\/\/skiclub-haltern.de\/?page_id=429\">Weiterlesen <span class=\"meta-nav\">&rarr;<\/span><\/a><\/p>\n","protected":false},"author":2,"featured_media":0,"parent":30,"menu_order":906,"comment_status":"open","ping_status":"closed","template":"","meta":{"ngg_post_thumbnail":0,"footnotes":""},"_links":{"self":[{"href":"https:\/\/skiclub-haltern.de\/index.php?rest_route=\/wp\/v2\/pages\/429"}],"collection":[{"href":"https:\/\/skiclub-haltern.de\/index.php?rest_route=\/wp\/v2\/pages"}],"about":[{"href":"https:\/\/skiclub-haltern.de\/index.php?rest_route=\/wp\/v2\/types\/page"}],"author":[{"embeddable":true,"href":"https:\/\/skiclub-haltern.de\/index.php?rest_route=\/wp\/v2\/users\/2"}],"replies":[{"embeddable":true,"href":"https:\/\/skiclub-haltern.de\/index.php?rest_route=%2Fwp%2Fv2%2Fcomments&post=429"}],"version-history":[{"count":5,"href":"https:\/\/skiclub-haltern.de\/index.php?rest_route=\/wp\/v2\/pages\/429\/revisions"}],"predecessor-version":[{"id":495,"href":"https:\/\/skiclub-haltern.de\/index.php?rest_route=\/wp\/v2\/pages\/429\/revisions\/495"}],"up":[{"embeddable":true,"href":"https:\/\/skiclub-haltern.de\/index.php?rest_route=\/wp\/v2\/pages\/30"}],"wp:attachment":[{"href":"https:\/\/skiclub-haltern.de\/index.php?rest_route=%2Fwp%2Fv2%2Fmedia&parent=429"}],"curies":[{"name":"wp","href":"https:\/\/api.w.org\/{rel}","templated":true}]}}