{"id":499,"date":"2011-09-20T10:56:32","date_gmt":"2011-09-20T08:56:32","guid":{"rendered":"http:\/\/www.skiclub-haltern.de\/?page_id=499"},"modified":"2016-11-08T20:57:25","modified_gmt":"2016-11-08T19:57:25","slug":"skiclub-auf-baumen-2011","status":"publish","type":"page","link":"https:\/\/skiclub-haltern.de\/?page_id=499","title":{"rendered":"Skiclub auf B\u00e4umen 2011"},"content":{"rendered":"<p>Sonntag, 22. Mai 2011 im Sportpark Wedau in Duisburg.<\/p>\n<p><a href=\"http:\/\/www.skiclub-haltern.de\/wp-content\/uploads\/2011\/05\/KletternDuisburgMai2011_29_web.jpg\"><img loading=\"lazy\" decoding=\"async\" title=\"KletternDuisburgMai2011_29_web\" src=\"http:\/\/www.skiclub-haltern.de\/wp-content\/uploads\/2011\/05\/KletternDuisburgMai2011_29_web-300x225.jpg\" alt=\"\" width=\"300\" height=\"225\" \/><\/a>Trotz gegenteiliger Vorhersage war das Wetter sehr gut, es gab weder Regen, noch Hagel oder Sturmb\u00f6en oder was sonst noch so alles angesagt war. Gut, da\u00df wir uns davon nicht haben beeindrucken lassen und gefahren sind. Schon bei der Sicherheitseinweisung h\u00f6rte der leichte Regen auf und wir haben bei trockenem, teils sonnigem Wetter einen herrlichen Tag im Klettergarten verbracht. <img decoding=\"async\" title=\"Weiterlesen...\" src=\"http:\/\/www.skiclub-haltern.de\/wp-includes\/js\/tinymce\/plugins\/wordpress\/img\/trans.gif\" alt=\"\" \/>Marathonstrecke, Extrem-Parcours und Funparcours; mit einem gem\u00fctlichen Picknick zwischendurch waren wir von 9 bis nach 17 Uhr aktiv. A propos Extrem-Parcours: Beim Einstieg hie\u00df es vom Veranstalter: Jeder dritte mu\u00df hier gerettet werden, selbst Leute von Polizei oder Feuerwehr. Ihr seid 7 Leute, also werde ich wohl 2 retten m\u00fcssen. Antwort von uns: Wir sind ein Skiclub, uns braucht Ihr nicht retten. Diese vollmundige Ank\u00fcndigung sollte sich bewahrheiten: Insgesamt sind 11 Skiclubber den Extremparcours geklettert und alle kamen durch. Jetzt haben wir wohl die ganze Statistik durcheinander gebracht!<\/p>\n<p><a href=\"http:\/\/www.skiclub-haltern.de\/wp-content\/uploads\/2011\/05\/KletternDuisburgMai2011_12_web.jpg\"><img loading=\"lazy\" decoding=\"async\" title=\"KletternDuisburgMai2011_12_web\" src=\"http:\/\/www.skiclub-haltern.de\/wp-content\/uploads\/2011\/05\/KletternDuisburgMai2011_12_web-300x225.jpg\" alt=\"\" width=\"300\" height=\"225\" \/><\/a>Auch unsere drei Kinder mit den erwachsenen Begleiterinnen konnten sich austoben und hatten ihren Spa\u00df, nat\u00fcrlich haben sie nicht ganz so lange durchgehalten wie zwei unserer &#8222;Jungbullen&#8220;, die sich zum Schlu\u00df auch noch den Rutschenparcours gegeben haben.<\/p>\n<p>Eine Idee f\u00fcr die Zukunft haben wir nebenbei ausgebr\u00fctet: Wasserskifahren! Liegt doch nahe f\u00fcr uns als Skiclub, oder?<\/p>\n","protected":false},"excerpt":{"rendered":"<p>Sonntag, 22. Mai 2011 im Sportpark Wedau in Duisburg. Trotz gegenteiliger Vorhersage war das Wetter sehr gut, es gab weder Regen, noch Hagel oder Sturmb\u00f6en oder was sonst noch so alles angesagt war. Gut, da\u00df wir uns davon nicht haben &hellip; <a href=\"https:\/\/skiclub-haltern.de\/?page_id=499\">Weiterlesen <span class=\"meta-nav\">&rarr;<\/span><\/a><\/p>\n","protected":false},"author":2,"featured_media":0,"parent":30,"menu_order":907,"comment_status":"open","ping_status":"open","template":"","meta":{"ngg_post_thumbnail":0,"footnotes":""},"_links":{"self":[{"href":"https:\/\/skiclub-haltern.de\/index.php?rest_route=\/wp\/v2\/pages\/499"}],"collection":[{"href":"https:\/\/skiclub-haltern.de\/index.php?rest_route=\/wp\/v2\/pages"}],"about":[{"href":"https:\/\/skiclub-haltern.de\/index.php?rest_route=\/wp\/v2\/types\/page"}],"author":[{"embeddable":true,"href":"https:\/\/skiclub-haltern.de\/index.php?rest_route=\/wp\/v2\/users\/2"}],"replies":[{"embeddable":true,"href":"https:\/\/skiclub-haltern.de\/index.php?rest_route=%2Fwp%2Fv2%2Fcomments&post=499"}],"version-history":[{"count":4,"href":"https:\/\/skiclub-haltern.de\/index.php?rest_route=\/wp\/v2\/pages\/499\/revisions"}],"predecessor-version":[{"id":504,"href":"https:\/\/skiclub-haltern.de\/index.php?rest_route=\/wp\/v2\/pages\/499\/revisions\/504"}],"up":[{"embeddable":true,"href":"https:\/\/skiclub-haltern.de\/index.php?rest_route=\/wp\/v2\/pages\/30"}],"wp:attachment":[{"href":"https:\/\/skiclub-haltern.de\/index.php?rest_route=%2Fwp%2Fv2%2Fmedia&parent=499"}],"curies":[{"name":"wp","href":"https:\/\/api.w.org\/{rel}","templated":true}]}}