{"id":6,"date":"2011-02-25T16:44:56","date_gmt":"2011-02-25T16:44:56","guid":{"rendered":"http:\/\/www.skiclub-haltern.de\/?page_id=6"},"modified":"2022-11-14T22:51:00","modified_gmt":"2022-11-14T21:51:00","slug":"der-verein","status":"publish","type":"page","link":"https:\/\/skiclub-haltern.de\/?page_id=6","title":{"rendered":"Der Verein"},"content":{"rendered":"<p>Nicht nur f\u00fcr Skifahrer, sondern f\u00fcr alle Sportbegeisterten bietet der Skiclub w\u00e4hrend des ganzen Jahres ein interessantes Fitnesstraining und viele abwechslungsreiche Aktionen an.<\/p>\n<p>Wenn Ihr gleichgesinnte Menschen kennenlernen oder an gemeinsamen Unternehmungen teilnehmen m\u00f6chtet, seid Ihr bei uns gut aufgehoben. Mit attraktiven Veranstaltungen bietet der Ski-Club Haltern immer wieder sportliche und gesellige M\u00f6glichkeiten des Beisammenseins.<\/p>\n<p>Unser Ort Haltern liegt am s\u00fcdlichen Rand des M\u00fcnsterlandes, inmitten der riesigen Waldgebiete \u201eHohe Mark\u201c und \u201eHaard\u201c.<\/p>\n<p>Die sehr reizvolle und abwechselungsreiche Halterner Landschaft wird oft als &#8222;Lunge des Ruhrgebietes&#8220; bezeichnet.<\/p>\n<p>Vielf\u00e4ltige sportliche Aktivit\u00e4ten wie Skifahren, Nordic-Walking, Segeln, Radtouren, Klettern oder Wasserskifahren werden im Verein gro\u00df geschrieben. Zur Zeit haben wir im Ski-Club Haltern etwa 260 Mitglieder.<\/p>\n<p>Alle (ski-)sportbegeisterten Mitb\u00fcrger der n\u00e4heren Umgebung sind herzlich eingeladen dem Verein beizutreten. Nehmt mit uns Kontakt auf und informiert euch. Sendet uns eine eMail oder kommt einfach zu unserem Fitnesstraining am Donnerstag!<\/p>\n<p>Angaben \u00fcber unsere Mitgliedbeitr\u00e4ge findet Ihr auf der Seite <a title=\"Kontakt\" href=\"http:\/\/www.skiclub-haltern.de\/?page_id=92\">Kontakt<\/a>.<\/p>\n<h4><strong data-rich-text-format-boundary=\"true\"><a href=\"https:\/\/skiclub-haltern.de\/?page_id=9\">Training<\/a>\u00a0\u00a0 &#8211;\u00a0\u00a0 <a href=\"https:\/\/skiclub-haltern.de\/?page_id=12\">Nordic Walking<\/a>\u00a0 &#8211;\u00a0 <a href=\"https:\/\/skiclub-haltern.de\/?page_id=110\">Fahrradfahren<\/a>\u00a0 &#8211;\u00a0 <a href=\"https:\/\/skiclub-haltern.de\/?page_id=142\">Segeln<\/a>\u00a0 &#8211;\u00a0 <a href=\"https:\/\/skiclub-haltern.de\/?page_id=1570\">Wandern<\/a>\u00a0 &#8211;\u00a0 <a href=\"https:\/\/skiclub-haltern.de\/?page_id=146\">Familienaktivit\u00e4ten<\/a><\/strong><\/h4>\n\n\n<p><\/p>\n\n\n\n<p><\/p>\n","protected":false},"excerpt":{"rendered":"<p>Nicht nur f\u00fcr Skifahrer, sondern f\u00fcr alle Sportbegeisterten bietet der Skiclub w\u00e4hrend des ganzen Jahres ein interessantes Fitnesstraining und viele abwechslungsreiche Aktionen an. Wenn Ihr gleichgesinnte Menschen kennenlernen oder an gemeinsamen Unternehmungen teilnehmen m\u00f6chtet, seid Ihr bei uns gut aufgehoben. &hellip; <a href=\"https:\/\/skiclub-haltern.de\/?page_id=6\">Weiterlesen <span class=\"meta-nav\">&rarr;<\/span><\/a><\/p>\n","protected":false},"author":1,"featured_media":0,"parent":0,"menu_order":0,"comment_status":"closed","ping_status":"open","template":"","meta":{"ngg_post_thumbnail":0,"footnotes":""},"_links":{"self":[{"href":"https:\/\/skiclub-haltern.de\/index.php?rest_route=\/wp\/v2\/pages\/6"}],"collection":[{"href":"https:\/\/skiclub-haltern.de\/index.php?rest_route=\/wp\/v2\/pages"}],"about":[{"href":"https:\/\/skiclub-haltern.de\/index.php?rest_route=\/wp\/v2\/types\/page"}],"author":[{"embeddable":true,"href":"https:\/\/skiclub-haltern.de\/index.php?rest_route=\/wp\/v2\/users\/1"}],"replies":[{"embeddable":true,"href":"https:\/\/skiclub-haltern.de\/index.php?rest_route=%2Fwp%2Fv2%2Fcomments&post=6"}],"version-history":[{"count":14,"href":"https:\/\/skiclub-haltern.de\/index.php?rest_route=\/wp\/v2\/pages\/6\/revisions"}],"predecessor-version":[{"id":2359,"href":"https:\/\/skiclub-haltern.de\/index.php?rest_route=\/wp\/v2\/pages\/6\/revisions\/2359"}],"wp:attachment":[{"href":"https:\/\/skiclub-haltern.de\/index.php?rest_route=%2Fwp%2Fv2%2Fmedia&parent=6"}],"curies":[{"name":"wp","href":"https:\/\/api.w.org\/{rel}","templated":true}]}}